{"id":27,"date":"2024-02-01T15:41:50","date_gmt":"2024-02-01T12:41:50","guid":{"rendered":"https:\/\/efkyapi.com.tr\/index.php\/contact-us\/"},"modified":"2024-02-06T12:40:09","modified_gmt":"2024-02-06T09:40:09","slug":"iletisim","status":"publish","type":"page","link":"https:\/\/efkyapi.com.tr\/index.php\/iletisim\/","title":{"rendered":"\u0130leti\u015fim"},"content":{"rendered":"\n<div class=\"wp-block-group alignfull gutenify-section-f3a20c40-c4cc-11ee-a3a1-a165d3cfa3fc is-layout-flow wp-container-core-group-is-layout-47e5a185 wp-block-group-is-layout-flow\">\n<div class=\"wp-block-cover alignfull gutenify-section-f38e3620-c4cc-11ee-a3a1-a165d3cfa3fc\" style=\"min-height:547px;aspect-ratio:unset;\"><span aria-hidden=\"true\" class=\"wp-block-cover__background has-background-dim-30 has-background-dim\"><\/span><img decoding=\"async\" class=\"wp-block-cover__image-background wp-image-864\" alt=\"\" src=\"https:\/\/demo.gutenify.com\/gutenify-civil\/wp-content\/themes\/gutenify-civil\/images\/inner-banner.jpg\" style=\"object-position:42% 36%\" data-object-fit=\"cover\" data-object-position=\"42% 36%\"\/><div class=\"wp-block-cover__inner-container is-layout-flow wp-block-cover-is-layout-flow\">\n<div class=\"wp-block-group alignwide gutenify-section-f388b7e0-c4cc-11ee-a3a1-a165d3cfa3fc is-layout-constrained wp-block-group-is-layout-constrained\"><h2 class=\"has-text-align-center wp-block-post-title has-huge-font-size\">\u0130leti\u015fim<\/h2><\/div>\n<\/div><\/div>\n\n\n\n<div class=\"wp-block-group has-white-background-color has-background gutenify-section-2db10950-c4d1-11ee-9e32-d5382efc008a is-layout-flow wp-block-group-is-layout-flow\" style=\"padding-top:var(--wp--preset--spacing--80);padding-right:0;padding-bottom:var(--wp--preset--spacing--80);padding-left:0\"><h1 style=\"font-style:normal;font-weight:700;\" class=\"has-text-align-center wp-block-site-title has-medium-font-size\"><a href=\"https:\/\/efkyapi.com.tr\" target=\"_self\" rel=\"home\">Efk Yap\u0131<\/a><\/h1>\n\n<p class=\"has-text-align-center wp-block-site-tagline\">\u0130n\u015faat ve M\u00fchendislik<\/p>\n\n\n<div style=\"height:20px\" aria-hidden=\"true\" class=\"wp-block-spacer gutenify-section-2d8a4770-c4d1-11ee-9e32-d5382efc008a\"><\/div>\n\n\n\n<div class=\"wp-block-buttons gutenify-section-2d98c660-c4d1-11ee-9e32-d5382efc008a is-content-justification-center is-layout-flex wp-container-core-buttons-is-layout-a89b3969 wp-block-buttons-is-layout-flex\">\n<div class=\"wp-block-button has-custom-width wp-block-button__width-100 gutenify-section-2d8d2da0-c4d1-11ee-9e32-d5382efc008a\"><a class=\"wp-block-button__link wp-element-button\" href=\"https:\/\/maps.app.goo.gl\/us8PF1ZzkuYzR7Jx6\" target=\"_blank\" rel=\"noreferrer noopener\">Adres : G\u00f6kevler Mahallesi, 2312 Sk. \u0130kiz Konaklar Blok No: 22A Daire : 107, 34515 Esenyurt\/\u0130stanbul<\/a><\/div>\n\n\n\n<div class=\"wp-block-button has-custom-width wp-block-button__width-100 gutenify-section-2d903ae0-c4d1-11ee-9e32-d5382efc008a\"><a class=\"wp-block-button__link wp-element-button\" href=\"tel:02126898736\">Telefon : (0212) 689 87 36<\/a><\/div>\n\n\n\n<div class=\"wp-block-button has-custom-width wp-block-button__width-100 gutenify-section-2d932110-c4d1-11ee-9e32-d5382efc008a\"><a class=\"wp-block-button__link wp-element-button\" href=\"mailto:info@efkyapi.com.tr\">E-Mail : info@efkyapi.com.tr<\/a><\/div>\n\n\n\n<div class=\"wp-block-button has-custom-width wp-block-button__width-100 is-style-fill gutenify-section-2d960740-c4d1-11ee-9e32-d5382efc008a\"><a class=\"wp-block-button__link wp-element-button\">Whatsapp \u0130leti\u015fim Butonu<\/a><\/div>\n<\/div>\n<\/div>\n<\/div>\n\n\n\n<h3 class=\"wp-block-heading gutenify-section-6846a2e0-c4d2-11ee-9e32-d5382efc008a\">\u0130LET\u0130\u015e\u0130M FORMU<\/h3>\n\n\n<style id=\"wpforms-css-vars-root\">\n\t\t\t\t:root {\n\t\t\t\t\t--wpforms-field-border-radius: 3px;\n--wpforms-field-background-color: #ffffff;\n--wpforms-field-border-color: rgba( 0, 0, 0, 0.25 );\n--wpforms-field-text-color: rgba( 0, 0, 0, 0.7 );\n--wpforms-label-color: rgba( 0, 0, 0, 0.85 );\n--wpforms-label-sublabel-color: rgba( 0, 0, 0, 0.55 );\n--wpforms-label-error-color: #d63637;\n--wpforms-button-border-radius: 3px;\n--wpforms-button-background-color: #066aab;\n--wpforms-button-text-color: #ffffff;\n--wpforms-page-break-color: #066aab;\n--wpforms-field-size-input-height: 43px;\n--wpforms-field-size-input-spacing: 15px;\n--wpforms-field-size-font-size: 16px;\n--wpforms-field-size-line-height: 19px;\n--wpforms-field-size-padding-h: 14px;\n--wpforms-field-size-checkbox-size: 16px;\n--wpforms-field-size-sublabel-spacing: 5px;\n--wpforms-field-size-icon-size: 1;\n--wpforms-label-size-font-size: 16px;\n--wpforms-label-size-line-height: 19px;\n--wpforms-label-size-sublabel-font-size: 14px;\n--wpforms-label-size-sublabel-line-height: 17px;\n--wpforms-button-size-font-size: 17px;\n--wpforms-button-size-height: 41px;\n--wpforms-button-size-padding-h: 15px;\n--wpforms-button-size-margin-top: 10px;\n\n\t\t\t\t}\n\t\t\t<\/style><div class=\"wpforms-container wpforms-container-full wpforms-block wpforms-block-d5a57514-5fc9-41e5-96d2-87c8b03aacc0 wpforms-render-modern\" id=\"wpforms-80\"><form id=\"wpforms-form-80\" class=\"wpforms-validate wpforms-form wpforms-ajax-form\" data-formid=\"80\" method=\"post\" enctype=\"multipart\/form-data\" action=\"\/index.php\/wp-json\/wp\/v2\/pages\/27\" data-token=\"19d82eb94fc76af29954137d871af78c\"><noscript class=\"wpforms-error-noscript\">Bu formu bitirebilmek i\u00e7in taray\u0131c\u0131n\u0131zda JavaScript&#039;i etkinle\u015ftirin.<\/noscript><div class=\"wpforms-hidden\" id=\"wpforms-error-noscript\">Bu formu bitirebilmek i\u00e7in taray\u0131c\u0131n\u0131zda JavaScript&#039;i etkinle\u015ftirin.<\/div><div class=\"wpforms-field-container\"><div id=\"wpforms-80-field_0-container\" class=\"wpforms-field wpforms-field-name\" data-field-id=\"0\"><fieldset><legend class=\"wpforms-field-label\">Ad\u0131 Soyad\u0131 <span class=\"wpforms-required-label\" aria-hidden=\"true\">*<\/span><\/legend><div class=\"wpforms-field-row wpforms-field-medium\"><div class=\"wpforms-field-row-block wpforms-first wpforms-one-half\"><input type=\"text\" id=\"wpforms-80-field_0\" class=\"wpforms-field-name-first wpforms-field-required\" name=\"wpforms[fields][0][first]\" aria-errormessage=\"wpforms-80-field_0-error\" required><label for=\"wpforms-80-field_0\" class=\"wpforms-field-sublabel after \">Ad<\/label><\/div><div class=\"wpforms-field-row-block wpforms-one-half\"><input type=\"text\" id=\"wpforms-80-field_0-last\" class=\"wpforms-field-name-last wpforms-field-required\" name=\"wpforms[fields][0][last]\" aria-errormessage=\"wpforms-80-field_0-last-error\" required><label for=\"wpforms-80-field_0-last\" class=\"wpforms-field-sublabel after \">Soyad<\/label><\/div><\/div><\/fieldset><\/div><div id=\"wpforms-80-field_1-container\" class=\"wpforms-field wpforms-field-email\" data-field-id=\"1\"><label class=\"wpforms-field-label\" for=\"wpforms-80-field_1\">E-posta <span class=\"wpforms-required-label\" aria-hidden=\"true\">*<\/span><\/label><input type=\"email\" id=\"wpforms-80-field_1\" class=\"wpforms-field-medium wpforms-field-required\" name=\"wpforms[fields][1]\" spellcheck=\"false\" aria-errormessage=\"wpforms-80-field_1-error\" required><\/div><div id=\"wpforms-80-field_2-container\" class=\"wpforms-field wpforms-field-textarea\" data-field-id=\"2\"><label class=\"wpforms-field-label\" for=\"wpforms-80-field_2\">Yorum veya Mesaj<\/label><textarea id=\"wpforms-80-field_2\" class=\"wpforms-field-medium\" name=\"wpforms[fields][2]\" aria-errormessage=\"wpforms-80-field_2-error\" ><\/textarea><\/div><\/div><!-- .wpforms-field-container --><div class=\"wpforms-submit-container\" ><input type=\"hidden\" name=\"wpforms[id]\" value=\"80\"><input type=\"hidden\" name=\"wpforms[author]\" value=\"1\"><button type=\"submit\" name=\"wpforms[submit]\" id=\"wpforms-submit-80\" class=\"wpforms-submit\" data-alt-text=\"G\u00f6nderiliyor...\" data-submit-text=\"G\u00f6nder\" aria-live=\"assertive\" value=\"wpforms-submit\">G\u00f6nder<\/button><img loading=\"lazy\" decoding=\"async\" src=\"https:\/\/efkyapi.com.tr\/wp-content\/plugins\/wpforms-lite\/assets\/images\/submit-spin.svg\" class=\"wpforms-submit-spinner\" style=\"display: none;\" width=\"26\" height=\"26\" alt=\"Y\u00fckleniyor\"><\/div><\/form><\/div>  <!-- .wpforms-container -->\n\n\n<p class=\"gutenify-section-76938660-c4d2-11ee-9e32-d5382efc008a\"><\/p>\n","protected":false},"excerpt":{"rendered":"<p>\u0130LET\u0130\u015e\u0130M FORMU<\/p>\n","protected":false},"author":1,"featured_media":0,"parent":0,"menu_order":0,"comment_status":"closed","ping_status":"closed","template":"page-no-title","meta":{"gutenify_custom_css":"","gutenify_custom_css_data":"","footnotes":""},"class_list":["post-27","page","type-page","status-publish","hentry"],"yoast_head":"<!-- This site is optimized with the Yoast SEO plugin v22.5 - https:\/\/yoast.com\/wordpress\/plugins\/seo\/ -->\n<title>\u0130leti\u015fim - Efk Yap\u0131<\/title>\n<meta name=\"robots\" content=\"index, follow, max-snippet:-1, max-image-preview:large, max-video-preview:-1\" \/>\n<link rel=\"canonical\" href=\"https:\/\/efkyapi.com.tr\/index.php\/iletisim\/\" \/>\n<meta property=\"og:locale\" content=\"tr_TR\" \/>\n<meta property=\"og:type\" content=\"article\" \/>\n<meta property=\"og:title\" content=\"\u0130leti\u015fim - Efk Yap\u0131\" \/>\n<meta property=\"og:description\" content=\"\u0130LET\u0130\u015e\u0130M FORMU\" \/>\n<meta property=\"og:url\" content=\"https:\/\/efkyapi.com.tr\/index.php\/iletisim\/\" \/>\n<meta property=\"og:site_name\" content=\"Efk Yap\u0131\" \/>\n<meta property=\"article:modified_time\" content=\"2024-02-06T09:40:09+00:00\" \/>\n<meta property=\"og:image\" content=\"https:\/\/demo.gutenify.com\/gutenify-civil\/wp-content\/themes\/gutenify-civil\/images\/inner-banner.jpg\" \/>\n<meta name=\"twitter:card\" content=\"summary_large_image\" \/>\n<script type=\"application\/ld+json\" class=\"yoast-schema-graph\">{\"@context\":\"https:\/\/schema.org\",\"@graph\":[{\"@type\":\"WebPage\",\"@id\":\"https:\/\/efkyapi.com.tr\/index.php\/iletisim\/\",\"url\":\"https:\/\/efkyapi.com.tr\/index.php\/iletisim\/\",\"name\":\"\u0130leti\u015fim - Efk Yap\u0131\",\"isPartOf\":{\"@id\":\"https:\/\/efkyapi.com.tr\/#website\"},\"primaryImageOfPage\":{\"@id\":\"https:\/\/efkyapi.com.tr\/index.php\/iletisim\/#primaryimage\"},\"image\":{\"@id\":\"https:\/\/efkyapi.com.tr\/index.php\/iletisim\/#primaryimage\"},\"thumbnailUrl\":\"https:\/\/demo.gutenify.com\/gutenify-civil\/wp-content\/themes\/gutenify-civil\/images\/inner-banner.jpg\",\"datePublished\":\"2024-02-01T12:41:50+00:00\",\"dateModified\":\"2024-02-06T09:40:09+00:00\",\"breadcrumb\":{\"@id\":\"https:\/\/efkyapi.com.tr\/index.php\/iletisim\/#breadcrumb\"},\"inLanguage\":\"tr\",\"potentialAction\":[{\"@type\":\"ReadAction\",\"target\":[\"https:\/\/efkyapi.com.tr\/index.php\/iletisim\/\"]}]},{\"@type\":\"ImageObject\",\"inLanguage\":\"tr\",\"@id\":\"https:\/\/efkyapi.com.tr\/index.php\/iletisim\/#primaryimage\",\"url\":\"https:\/\/demo.gutenify.com\/gutenify-civil\/wp-content\/themes\/gutenify-civil\/images\/inner-banner.jpg\",\"contentUrl\":\"https:\/\/demo.gutenify.com\/gutenify-civil\/wp-content\/themes\/gutenify-civil\/images\/inner-banner.jpg\"},{\"@type\":\"BreadcrumbList\",\"@id\":\"https:\/\/efkyapi.com.tr\/index.php\/iletisim\/#breadcrumb\",\"itemListElement\":[{\"@type\":\"ListItem\",\"position\":1,\"name\":\"Anasayfa\",\"item\":\"https:\/\/efkyapi.com.tr\/\"},{\"@type\":\"ListItem\",\"position\":2,\"name\":\"\u0130leti\u015fim\"}]},{\"@type\":\"WebSite\",\"@id\":\"https:\/\/efkyapi.com.tr\/#website\",\"url\":\"https:\/\/efkyapi.com.tr\/\",\"name\":\"Efk Yap\u0131\",\"description\":\"\u0130n\u015faat ve M\u00fchendislik\",\"publisher\":{\"@id\":\"https:\/\/efkyapi.com.tr\/#organization\"},\"potentialAction\":[{\"@type\":\"SearchAction\",\"target\":{\"@type\":\"EntryPoint\",\"urlTemplate\":\"https:\/\/efkyapi.com.tr\/?s={search_term_string}\"},\"query-input\":\"required name=search_term_string\"}],\"inLanguage\":\"tr\"},{\"@type\":\"Organization\",\"@id\":\"https:\/\/efkyapi.com.tr\/#organization\",\"name\":\"Efk Yap\u0131\",\"url\":\"https:\/\/efkyapi.com.tr\/\",\"logo\":{\"@type\":\"ImageObject\",\"inLanguage\":\"tr\",\"@id\":\"https:\/\/efkyapi.com.tr\/#\/schema\/logo\/image\/\",\"url\":\"https:\/\/efkyapi.com.tr\/wp-content\/uploads\/2024\/02\/EFK-1.png\",\"contentUrl\":\"https:\/\/efkyapi.com.tr\/wp-content\/uploads\/2024\/02\/EFK-1.png\",\"width\":1563,\"height\":1563,\"caption\":\"Efk Yap\u0131\"},\"image\":{\"@id\":\"https:\/\/efkyapi.com.tr\/#\/schema\/logo\/image\/\"}}]}<\/script>\n<!-- \/ Yoast SEO plugin. -->","yoast_head_json":{"title":"\u0130leti\u015fim - Efk Yap\u0131","robots":{"index":"index","follow":"follow","max-snippet":"max-snippet:-1","max-image-preview":"max-image-preview:large","max-video-preview":"max-video-preview:-1"},"canonical":"https:\/\/efkyapi.com.tr\/index.php\/iletisim\/","og_locale":"tr_TR","og_type":"article","og_title":"\u0130leti\u015fim - Efk Yap\u0131","og_description":"\u0130LET\u0130\u015e\u0130M FORMU","og_url":"https:\/\/efkyapi.com.tr\/index.php\/iletisim\/","og_site_name":"Efk Yap\u0131","article_modified_time":"2024-02-06T09:40:09+00:00","og_image":[{"url":"https:\/\/demo.gutenify.com\/gutenify-civil\/wp-content\/themes\/gutenify-civil\/images\/inner-banner.jpg"}],"twitter_card":"summary_large_image","schema":{"@context":"https:\/\/schema.org","@graph":[{"@type":"WebPage","@id":"https:\/\/efkyapi.com.tr\/index.php\/iletisim\/","url":"https:\/\/efkyapi.com.tr\/index.php\/iletisim\/","name":"\u0130leti\u015fim - Efk Yap\u0131","isPartOf":{"@id":"https:\/\/efkyapi.com.tr\/#website"},"primaryImageOfPage":{"@id":"https:\/\/efkyapi.com.tr\/index.php\/iletisim\/#primaryimage"},"image":{"@id":"https:\/\/efkyapi.com.tr\/index.php\/iletisim\/#primaryimage"},"thumbnailUrl":"https:\/\/demo.gutenify.com\/gutenify-civil\/wp-content\/themes\/gutenify-civil\/images\/inner-banner.jpg","datePublished":"2024-02-01T12:41:50+00:00","dateModified":"2024-02-06T09:40:09+00:00","breadcrumb":{"@id":"https:\/\/efkyapi.com.tr\/index.php\/iletisim\/#breadcrumb"},"inLanguage":"tr","potentialAction":[{"@type":"ReadAction","target":["https:\/\/efkyapi.com.tr\/index.php\/iletisim\/"]}]},{"@type":"ImageObject","inLanguage":"tr","@id":"https:\/\/efkyapi.com.tr\/index.php\/iletisim\/#primaryimage","url":"https:\/\/demo.gutenify.com\/gutenify-civil\/wp-content\/themes\/gutenify-civil\/images\/inner-banner.jpg","contentUrl":"https:\/\/demo.gutenify.com\/gutenify-civil\/wp-content\/themes\/gutenify-civil\/images\/inner-banner.jpg"},{"@type":"BreadcrumbList","@id":"https:\/\/efkyapi.com.tr\/index.php\/iletisim\/#breadcrumb","itemListElement":[{"@type":"ListItem","position":1,"name":"Anasayfa","item":"https:\/\/efkyapi.com.tr\/"},{"@type":"ListItem","position":2,"name":"\u0130leti\u015fim"}]},{"@type":"WebSite","@id":"https:\/\/efkyapi.com.tr\/#website","url":"https:\/\/efkyapi.com.tr\/","name":"Efk Yap\u0131","description":"\u0130n\u015faat ve M\u00fchendislik","publisher":{"@id":"https:\/\/efkyapi.com.tr\/#organization"},"potentialAction":[{"@type":"SearchAction","target":{"@type":"EntryPoint","urlTemplate":"https:\/\/efkyapi.com.tr\/?s={search_term_string}"},"query-input":"required name=search_term_string"}],"inLanguage":"tr"},{"@type":"Organization","@id":"https:\/\/efkyapi.com.tr\/#organization","name":"Efk Yap\u0131","url":"https:\/\/efkyapi.com.tr\/","logo":{"@type":"ImageObject","inLanguage":"tr","@id":"https:\/\/efkyapi.com.tr\/#\/schema\/logo\/image\/","url":"https:\/\/efkyapi.com.tr\/wp-content\/uploads\/2024\/02\/EFK-1.png","contentUrl":"https:\/\/efkyapi.com.tr\/wp-content\/uploads\/2024\/02\/EFK-1.png","width":1563,"height":1563,"caption":"Efk Yap\u0131"},"image":{"@id":"https:\/\/efkyapi.com.tr\/#\/schema\/logo\/image\/"}}]}},"_links":{"self":[{"href":"https:\/\/efkyapi.com.tr\/index.php\/wp-json\/wp\/v2\/pages\/27","targetHints":{"allow":["GET"]}}],"collection":[{"href":"https:\/\/efkyapi.com.tr\/index.php\/wp-json\/wp\/v2\/pages"}],"about":[{"href":"https:\/\/efkyapi.com.tr\/index.php\/wp-json\/wp\/v2\/types\/page"}],"author":[{"embeddable":true,"href":"https:\/\/efkyapi.com.tr\/index.php\/wp-json\/wp\/v2\/users\/1"}],"replies":[{"embeddable":true,"href":"https:\/\/efkyapi.com.tr\/index.php\/wp-json\/wp\/v2\/comments?post=27"}],"version-history":[{"count":10,"href":"https:\/\/efkyapi.com.tr\/index.php\/wp-json\/wp\/v2\/pages\/27\/revisions"}],"predecessor-version":[{"id":89,"href":"https:\/\/efkyapi.com.tr\/index.php\/wp-json\/wp\/v2\/pages\/27\/revisions\/89"}],"wp:attachment":[{"href":"https:\/\/efkyapi.com.tr\/index.php\/wp-json\/wp\/v2\/media?parent=27"}],"curies":[{"name":"wp","href":"https:\/\/api.w.org\/{rel}","templated":true}]}}