{"id":105,"date":"2024-02-11T16:55:39","date_gmt":"2024-02-11T13:55:39","guid":{"rendered":"https:\/\/efkyapi.com.tr\/?page_id=105"},"modified":"2024-02-11T18:42:07","modified_gmt":"2024-02-11T15:42:07","slug":"urunlerimiz","status":"publish","type":"page","link":"https:\/\/efkyapi.com.tr\/index.php\/urunlerimiz\/","title":{"rendered":"\u00dcr\u00fcnlerimiz"},"content":{"rendered":"\n<p class=\"gutenify-section-9d1d0ed0-c8e4-11ee-9441-b9153a184a93\"><\/p>\n\n\n\n<div class=\"wp-block-gutenify-grid gutenify-grid-version-2 gutenify-section-2a7510e0-c8f2-11ee-9523-07cb1f4e0976\">\n<div class=\"wp-block-gutenify-grid-item gutenify-grid-item-version-2 gutenify-section-2a97db20-c8f2-11ee-9523-07cb1f4e0976\">\n<figure class=\"wp-block-gallery has-nested-images columns-default is-cropped gutenify-section-2ef89d30-c8f2-11ee-9523-07cb1f4e0976 wp-block-gallery-1 is-layout-flex wp-block-gallery-is-layout-flex\">\n<figure class=\"wp-block-image size-large gutenify-section-6d297b60-c8f2-11ee-9523-07cb1f4e0976\"><img loading=\"lazy\" decoding=\"async\" width=\"1024\" height=\"894\" data-id=\"460\" src=\"https:\/\/efkyapi.com.tr\/wp-content\/uploads\/2024\/02\/Waterfix-1024x894.jpg\" alt=\"Waterfix\" class=\"wp-image-460\" srcset=\"https:\/\/efkyapi.com.tr\/wp-content\/uploads\/2024\/02\/Waterfix-1024x894.jpg 1024w, https:\/\/efkyapi.com.tr\/wp-content\/uploads\/2024\/02\/Waterfix-300x262.jpg 300w, https:\/\/efkyapi.com.tr\/wp-content\/uploads\/2024\/02\/Waterfix-768x671.jpg 768w, https:\/\/efkyapi.com.tr\/wp-content\/uploads\/2024\/02\/Waterfix-1536x1341.jpg 1536w, https:\/\/efkyapi.com.tr\/wp-content\/uploads\/2024\/02\/Waterfix.jpg 1813w\" sizes=\"auto, (max-width: 1024px) 100vw, 1024px\" \/><figcaption class=\"wp-element-caption\">Waterfix<\/figcaption><\/figure>\n<\/figure>\n<\/div>\n\n\n\n<div class=\"wp-block-gutenify-grid-item gutenify-grid-item-version-2 gutenify-section-2a9babb0-c8f2-11ee-9523-07cb1f4e0976\">\n<figure class=\"wp-block-gallery has-nested-images columns-default is-cropped gutenify-section-45270510-c8f2-11ee-9523-07cb1f4e0976 wp-block-gallery-2 is-layout-flex wp-block-gallery-is-layout-flex\">\n<figure class=\"wp-block-image size-large gutenify-section-5271e1e0-c8f2-11ee-9523-07cb1f4e0976\"><img loading=\"lazy\" decoding=\"async\" width=\"982\" height=\"1024\" data-id=\"459\" src=\"https:\/\/efkyapi.com.tr\/wp-content\/uploads\/2024\/02\/TP.Yapistirma.Harci_-982x1024.jpg\" alt=\"\" class=\"wp-image-459\" srcset=\"https:\/\/efkyapi.com.tr\/wp-content\/uploads\/2024\/02\/TP.Yapistirma.Harci_-982x1024.jpg 982w, https:\/\/efkyapi.com.tr\/wp-content\/uploads\/2024\/02\/TP.Yapistirma.Harci_-288x300.jpg 288w, https:\/\/efkyapi.com.tr\/wp-content\/uploads\/2024\/02\/TP.Yapistirma.Harci_-768x801.jpg 768w, https:\/\/efkyapi.com.tr\/wp-content\/uploads\/2024\/02\/TP.Yapistirma.Harci_-1473x1536.jpg 1473w, https:\/\/efkyapi.com.tr\/wp-content\/uploads\/2024\/02\/TP.Yapistirma.Harci_.jpg 1706w\" sizes=\"auto, (max-width: 982px) 100vw, 982px\" \/><figcaption class=\"wp-element-caption\">Yap\u0131\u015ft\u0131rma Harc\u0131<\/figcaption><\/figure>\n<\/figure>\n<\/div>\n\n\n\n<div class=\"wp-block-gutenify-grid-item gutenify-grid-item-version-2 gutenify-section-2a9e1cb0-c8f2-11ee-9523-07cb1f4e0976\">\n<figure class=\"wp-block-gallery has-nested-images columns-default is-cropped gutenify-section-74b05ca0-c8f2-11ee-9523-07cb1f4e0976 wp-block-gallery-3 is-layout-flex wp-block-gallery-is-layout-flex\">\n<figure class=\"wp-block-image size-large gutenify-section-85cb2d30-c8f2-11ee-9523-07cb1f4e0976\"><img loading=\"lazy\" decoding=\"async\" width=\"791\" height=\"1024\" data-id=\"458\" src=\"https:\/\/efkyapi.com.tr\/wp-content\/uploads\/2024\/02\/TP.Tasyunu.Isi_.Yalitim.Levhasi-791x1024.jpg\" alt=\"Is\u0131 Yal\u0131t\u0131m Levhas\u0131\" class=\"wp-image-458\" srcset=\"https:\/\/efkyapi.com.tr\/wp-content\/uploads\/2024\/02\/TP.Tasyunu.Isi_.Yalitim.Levhasi-791x1024.jpg 791w, https:\/\/efkyapi.com.tr\/wp-content\/uploads\/2024\/02\/TP.Tasyunu.Isi_.Yalitim.Levhasi-232x300.jpg 232w, https:\/\/efkyapi.com.tr\/wp-content\/uploads\/2024\/02\/TP.Tasyunu.Isi_.Yalitim.Levhasi-768x994.jpg 768w, https:\/\/efkyapi.com.tr\/wp-content\/uploads\/2024\/02\/TP.Tasyunu.Isi_.Yalitim.Levhasi-1187x1536.jpg 1187w, https:\/\/efkyapi.com.tr\/wp-content\/uploads\/2024\/02\/TP.Tasyunu.Isi_.Yalitim.Levhasi-1583x2048.jpg 1583w, https:\/\/efkyapi.com.tr\/wp-content\/uploads\/2024\/02\/TP.Tasyunu.Isi_.Yalitim.Levhasi.jpg 1748w\" sizes=\"auto, (max-width: 791px) 100vw, 791px\" \/><figcaption class=\"wp-element-caption\">Is\u0131 Yal\u0131t\u0131m Levhas\u0131<\/figcaption><\/figure>\n<\/figure>\n<\/div>\n<\/div>\n\n\n\n<div class=\"wp-block-gutenify-grid gutenify-grid-version-2 gutenify-section-8bd8dbf0-c8f2-11ee-9523-07cb1f4e0976\">\n<div class=\"wp-block-gutenify-grid-item gutenify-grid-item-version-2 gutenify-section-8bef7130-c8f2-11ee-9523-07cb1f4e0976\">\n<figure class=\"wp-block-gallery has-nested-images columns-default is-cropped gutenify-section-90c34060-c8f2-11ee-9523-07cb1f4e0976 wp-block-gallery-4 is-layout-flex wp-block-gallery-is-layout-flex\">\n<figure class=\"wp-block-image size-large gutenify-section-a1d31470-c8f2-11ee-9523-07cb1f4e0976\"><img loading=\"lazy\" decoding=\"async\" width=\"829\" height=\"477\" data-id=\"457\" src=\"https:\/\/efkyapi.com.tr\/wp-content\/uploads\/2024\/02\/TP.Mekanik.Tirnakli.Tasyunu.Dubeli.jpg\" alt=\"Mekanik T\u0131rnakl\u0131 Dubel\" class=\"wp-image-457\" srcset=\"https:\/\/efkyapi.com.tr\/wp-content\/uploads\/2024\/02\/TP.Mekanik.Tirnakli.Tasyunu.Dubeli.jpg 829w, https:\/\/efkyapi.com.tr\/wp-content\/uploads\/2024\/02\/TP.Mekanik.Tirnakli.Tasyunu.Dubeli-300x173.jpg 300w, https:\/\/efkyapi.com.tr\/wp-content\/uploads\/2024\/02\/TP.Mekanik.Tirnakli.Tasyunu.Dubeli-768x442.jpg 768w\" sizes=\"auto, (max-width: 829px) 100vw, 829px\" \/><figcaption class=\"wp-element-caption\">Mekanik T\u0131rnakl\u0131 Dubel<\/figcaption><\/figure>\n<\/figure>\n<\/div>\n\n\n\n<div class=\"wp-block-gutenify-grid-item gutenify-grid-item-version-2 gutenify-section-8bf31ab0-c8f2-11ee-9523-07cb1f4e0976\">\n<figure class=\"wp-block-gallery has-nested-images columns-default is-cropped gutenify-section-a4b65e40-c8f2-11ee-9523-07cb1f4e0976 wp-block-gallery-5 is-layout-flex wp-block-gallery-is-layout-flex\">\n<figure class=\"wp-block-image size-large gutenify-section-b3546f00-c8f2-11ee-9523-07cb1f4e0976\"><img loading=\"lazy\" decoding=\"async\" width=\"1024\" height=\"815\" data-id=\"456\" src=\"https:\/\/efkyapi.com.tr\/wp-content\/uploads\/2024\/02\/TP.Kaplama.Astari-1024x815.jpg\" alt=\"Kaplama Astar\u0131\" class=\"wp-image-456\" srcset=\"https:\/\/efkyapi.com.tr\/wp-content\/uploads\/2024\/02\/TP.Kaplama.Astari-1024x815.jpg 1024w, https:\/\/efkyapi.com.tr\/wp-content\/uploads\/2024\/02\/TP.Kaplama.Astari-300x239.jpg 300w, https:\/\/efkyapi.com.tr\/wp-content\/uploads\/2024\/02\/TP.Kaplama.Astari-768x611.jpg 768w, https:\/\/efkyapi.com.tr\/wp-content\/uploads\/2024\/02\/TP.Kaplama.Astari-1536x1222.jpg 1536w, https:\/\/efkyapi.com.tr\/wp-content\/uploads\/2024\/02\/TP.Kaplama.Astari.jpg 1996w\" sizes=\"auto, (max-width: 1024px) 100vw, 1024px\" \/><figcaption class=\"wp-element-caption\">Kaplama Astar\u0131<\/figcaption><\/figure>\n<\/figure>\n<\/div>\n\n\n\n<div class=\"wp-block-gutenify-grid-item gutenify-grid-item-version-2 gutenify-section-8bf6eb40-c8f2-11ee-9523-07cb1f4e0976\">\n<figure class=\"wp-block-gallery has-nested-images columns-default is-cropped gutenify-section-c9140f80-c8f2-11ee-9523-07cb1f4e0976 wp-block-gallery-6 is-layout-flex wp-block-gallery-is-layout-flex\">\n<figure class=\"wp-block-image size-large gutenify-section-e42f4cd0-c8f2-11ee-9523-07cb1f4e0976\"><img loading=\"lazy\" decoding=\"async\" width=\"829\" height=\"477\" data-id=\"455\" src=\"https:\/\/efkyapi.com.tr\/wp-content\/uploads\/2024\/02\/TP.Genis_.Baslikli.Tugla_.Dubeli.jpg\" alt=\"Geni\u015f Ba\u015fl\u0131l\u0131 Tu\u011fla Dubeli\" class=\"wp-image-455\" srcset=\"https:\/\/efkyapi.com.tr\/wp-content\/uploads\/2024\/02\/TP.Genis_.Baslikli.Tugla_.Dubeli.jpg 829w, https:\/\/efkyapi.com.tr\/wp-content\/uploads\/2024\/02\/TP.Genis_.Baslikli.Tugla_.Dubeli-300x173.jpg 300w, https:\/\/efkyapi.com.tr\/wp-content\/uploads\/2024\/02\/TP.Genis_.Baslikli.Tugla_.Dubeli-768x442.jpg 768w\" sizes=\"auto, (max-width: 829px) 100vw, 829px\" \/><figcaption class=\"wp-element-caption\">Geni\u015f Ba\u015fl\u0131l\u0131 Tu\u011fla Dubeli<\/figcaption><\/figure>\n<\/figure>\n<\/div>\n<\/div>\n","protected":false},"excerpt":{"rendered":"","protected":false},"author":1,"featured_media":0,"parent":0,"menu_order":0,"comment_status":"closed","ping_status":"closed","template":"","meta":{"gutenify_custom_css":"","gutenify_custom_css_data":"","footnotes":""},"class_list":["post-105","page","type-page","status-publish","hentry"],"yoast_head":"<!-- This site is optimized with the Yoast SEO plugin v22.5 - https:\/\/yoast.com\/wordpress\/plugins\/seo\/ -->\n<title>\u00dcr\u00fcnlerimiz - Efk Yap\u0131<\/title>\n<meta name=\"robots\" content=\"index, follow, max-snippet:-1, max-image-preview:large, max-video-preview:-1\" \/>\n<link rel=\"canonical\" href=\"https:\/\/efkyapi.com.tr\/index.php\/urunlerimiz\/\" \/>\n<meta property=\"og:locale\" content=\"tr_TR\" \/>\n<meta property=\"og:type\" content=\"article\" \/>\n<meta property=\"og:title\" content=\"\u00dcr\u00fcnlerimiz - Efk Yap\u0131\" \/>\n<meta property=\"og:url\" content=\"https:\/\/efkyapi.com.tr\/index.php\/urunlerimiz\/\" \/>\n<meta property=\"og:site_name\" content=\"Efk Yap\u0131\" \/>\n<meta property=\"article:modified_time\" content=\"2024-02-11T15:42:07+00:00\" \/>\n<meta property=\"og:image\" content=\"https:\/\/efkyapi.com.tr\/wp-content\/uploads\/2024\/02\/Waterfix-1024x894.jpg\" \/>\n<meta name=\"twitter:card\" content=\"summary_large_image\" \/>\n<script type=\"application\/ld+json\" class=\"yoast-schema-graph\">{\"@context\":\"https:\/\/schema.org\",\"@graph\":[{\"@type\":\"WebPage\",\"@id\":\"https:\/\/efkyapi.com.tr\/index.php\/urunlerimiz\/\",\"url\":\"https:\/\/efkyapi.com.tr\/index.php\/urunlerimiz\/\",\"name\":\"\u00dcr\u00fcnlerimiz - Efk Yap\u0131\",\"isPartOf\":{\"@id\":\"https:\/\/efkyapi.com.tr\/#website\"},\"primaryImageOfPage\":{\"@id\":\"https:\/\/efkyapi.com.tr\/index.php\/urunlerimiz\/#primaryimage\"},\"image\":{\"@id\":\"https:\/\/efkyapi.com.tr\/index.php\/urunlerimiz\/#primaryimage\"},\"thumbnailUrl\":\"https:\/\/efkyapi.com.tr\/wp-content\/uploads\/2024\/02\/Waterfix-1024x894.jpg\",\"datePublished\":\"2024-02-11T13:55:39+00:00\",\"dateModified\":\"2024-02-11T15:42:07+00:00\",\"breadcrumb\":{\"@id\":\"https:\/\/efkyapi.com.tr\/index.php\/urunlerimiz\/#breadcrumb\"},\"inLanguage\":\"tr\",\"potentialAction\":[{\"@type\":\"ReadAction\",\"target\":[\"https:\/\/efkyapi.com.tr\/index.php\/urunlerimiz\/\"]}]},{\"@type\":\"ImageObject\",\"inLanguage\":\"tr\",\"@id\":\"https:\/\/efkyapi.com.tr\/index.php\/urunlerimiz\/#primaryimage\",\"url\":\"https:\/\/efkyapi.com.tr\/wp-content\/uploads\/2024\/02\/Waterfix.jpg\",\"contentUrl\":\"https:\/\/efkyapi.com.tr\/wp-content\/uploads\/2024\/02\/Waterfix.jpg\",\"width\":1813,\"height\":1583,\"caption\":\"Waterfix\"},{\"@type\":\"BreadcrumbList\",\"@id\":\"https:\/\/efkyapi.com.tr\/index.php\/urunlerimiz\/#breadcrumb\",\"itemListElement\":[{\"@type\":\"ListItem\",\"position\":1,\"name\":\"Anasayfa\",\"item\":\"https:\/\/efkyapi.com.tr\/\"},{\"@type\":\"ListItem\",\"position\":2,\"name\":\"\u00dcr\u00fcnlerimiz\"}]},{\"@type\":\"WebSite\",\"@id\":\"https:\/\/efkyapi.com.tr\/#website\",\"url\":\"https:\/\/efkyapi.com.tr\/\",\"name\":\"Efk Yap\u0131\",\"description\":\"\u0130n\u015faat ve M\u00fchendislik\",\"publisher\":{\"@id\":\"https:\/\/efkyapi.com.tr\/#organization\"},\"potentialAction\":[{\"@type\":\"SearchAction\",\"target\":{\"@type\":\"EntryPoint\",\"urlTemplate\":\"https:\/\/efkyapi.com.tr\/?s={search_term_string}\"},\"query-input\":\"required name=search_term_string\"}],\"inLanguage\":\"tr\"},{\"@type\":\"Organization\",\"@id\":\"https:\/\/efkyapi.com.tr\/#organization\",\"name\":\"Efk Yap\u0131\",\"url\":\"https:\/\/efkyapi.com.tr\/\",\"logo\":{\"@type\":\"ImageObject\",\"inLanguage\":\"tr\",\"@id\":\"https:\/\/efkyapi.com.tr\/#\/schema\/logo\/image\/\",\"url\":\"https:\/\/efkyapi.com.tr\/wp-content\/uploads\/2024\/02\/EFK-1.png\",\"contentUrl\":\"https:\/\/efkyapi.com.tr\/wp-content\/uploads\/2024\/02\/EFK-1.png\",\"width\":1563,\"height\":1563,\"caption\":\"Efk Yap\u0131\"},\"image\":{\"@id\":\"https:\/\/efkyapi.com.tr\/#\/schema\/logo\/image\/\"}}]}<\/script>\n<!-- \/ Yoast SEO plugin. -->","yoast_head_json":{"title":"\u00dcr\u00fcnlerimiz - Efk Yap\u0131","robots":{"index":"index","follow":"follow","max-snippet":"max-snippet:-1","max-image-preview":"max-image-preview:large","max-video-preview":"max-video-preview:-1"},"canonical":"https:\/\/efkyapi.com.tr\/index.php\/urunlerimiz\/","og_locale":"tr_TR","og_type":"article","og_title":"\u00dcr\u00fcnlerimiz - Efk Yap\u0131","og_url":"https:\/\/efkyapi.com.tr\/index.php\/urunlerimiz\/","og_site_name":"Efk Yap\u0131","article_modified_time":"2024-02-11T15:42:07+00:00","og_image":[{"url":"https:\/\/efkyapi.com.tr\/wp-content\/uploads\/2024\/02\/Waterfix-1024x894.jpg"}],"twitter_card":"summary_large_image","schema":{"@context":"https:\/\/schema.org","@graph":[{"@type":"WebPage","@id":"https:\/\/efkyapi.com.tr\/index.php\/urunlerimiz\/","url":"https:\/\/efkyapi.com.tr\/index.php\/urunlerimiz\/","name":"\u00dcr\u00fcnlerimiz - Efk Yap\u0131","isPartOf":{"@id":"https:\/\/efkyapi.com.tr\/#website"},"primaryImageOfPage":{"@id":"https:\/\/efkyapi.com.tr\/index.php\/urunlerimiz\/#primaryimage"},"image":{"@id":"https:\/\/efkyapi.com.tr\/index.php\/urunlerimiz\/#primaryimage"},"thumbnailUrl":"https:\/\/efkyapi.com.tr\/wp-content\/uploads\/2024\/02\/Waterfix-1024x894.jpg","datePublished":"2024-02-11T13:55:39+00:00","dateModified":"2024-02-11T15:42:07+00:00","breadcrumb":{"@id":"https:\/\/efkyapi.com.tr\/index.php\/urunlerimiz\/#breadcrumb"},"inLanguage":"tr","potentialAction":[{"@type":"ReadAction","target":["https:\/\/efkyapi.com.tr\/index.php\/urunlerimiz\/"]}]},{"@type":"ImageObject","inLanguage":"tr","@id":"https:\/\/efkyapi.com.tr\/index.php\/urunlerimiz\/#primaryimage","url":"https:\/\/efkyapi.com.tr\/wp-content\/uploads\/2024\/02\/Waterfix.jpg","contentUrl":"https:\/\/efkyapi.com.tr\/wp-content\/uploads\/2024\/02\/Waterfix.jpg","width":1813,"height":1583,"caption":"Waterfix"},{"@type":"BreadcrumbList","@id":"https:\/\/efkyapi.com.tr\/index.php\/urunlerimiz\/#breadcrumb","itemListElement":[{"@type":"ListItem","position":1,"name":"Anasayfa","item":"https:\/\/efkyapi.com.tr\/"},{"@type":"ListItem","position":2,"name":"\u00dcr\u00fcnlerimiz"}]},{"@type":"WebSite","@id":"https:\/\/efkyapi.com.tr\/#website","url":"https:\/\/efkyapi.com.tr\/","name":"Efk Yap\u0131","description":"\u0130n\u015faat ve M\u00fchendislik","publisher":{"@id":"https:\/\/efkyapi.com.tr\/#organization"},"potentialAction":[{"@type":"SearchAction","target":{"@type":"EntryPoint","urlTemplate":"https:\/\/efkyapi.com.tr\/?s={search_term_string}"},"query-input":"required name=search_term_string"}],"inLanguage":"tr"},{"@type":"Organization","@id":"https:\/\/efkyapi.com.tr\/#organization","name":"Efk Yap\u0131","url":"https:\/\/efkyapi.com.tr\/","logo":{"@type":"ImageObject","inLanguage":"tr","@id":"https:\/\/efkyapi.com.tr\/#\/schema\/logo\/image\/","url":"https:\/\/efkyapi.com.tr\/wp-content\/uploads\/2024\/02\/EFK-1.png","contentUrl":"https:\/\/efkyapi.com.tr\/wp-content\/uploads\/2024\/02\/EFK-1.png","width":1563,"height":1563,"caption":"Efk Yap\u0131"},"image":{"@id":"https:\/\/efkyapi.com.tr\/#\/schema\/logo\/image\/"}}]}},"_links":{"self":[{"href":"https:\/\/efkyapi.com.tr\/index.php\/wp-json\/wp\/v2\/pages\/105","targetHints":{"allow":["GET"]}}],"collection":[{"href":"https:\/\/efkyapi.com.tr\/index.php\/wp-json\/wp\/v2\/pages"}],"about":[{"href":"https:\/\/efkyapi.com.tr\/index.php\/wp-json\/wp\/v2\/types\/page"}],"author":[{"embeddable":true,"href":"https:\/\/efkyapi.com.tr\/index.php\/wp-json\/wp\/v2\/users\/1"}],"replies":[{"embeddable":true,"href":"https:\/\/efkyapi.com.tr\/index.php\/wp-json\/wp\/v2\/comments?post=105"}],"version-history":[{"count":5,"href":"https:\/\/efkyapi.com.tr\/index.php\/wp-json\/wp\/v2\/pages\/105\/revisions"}],"predecessor-version":[{"id":464,"href":"https:\/\/efkyapi.com.tr\/index.php\/wp-json\/wp\/v2\/pages\/105\/revisions\/464"}],"wp:attachment":[{"href":"https:\/\/efkyapi.com.tr\/index.php\/wp-json\/wp\/v2\/media?parent=105"}],"curies":[{"name":"wp","href":"https:\/\/api.w.org\/{rel}","templated":true}]}}